{"id":6,"date":"2025-12-08T09:19:41","date_gmt":"2025-12-08T09:19:41","guid":{"rendered":"https:\/\/hollandaevlilikfali.com.tr\/?page_id=6"},"modified":"2025-12-08T09:31:20","modified_gmt":"2025-12-08T09:31:20","slug":"hakkimizda","status":"publish","type":"page","link":"https:\/\/hollandaevlilikfali.com.tr\/?page_id=6","title":{"rendered":"Hakk\u0131m\u0131zda"},"content":{"rendered":"\n<h1 class=\"wp-block-heading\"><strong>\ud83d\udccc Hakk\u0131m\u0131zda<\/strong><\/h1>\n\n\n\n<p>Falcidila, a\u015fk, evlilik ve ruhsal dan\u0131\u015fmanl\u0131k alan\u0131nda uzman falc\u0131lar\u0131n bir araya geldi\u011fi profesyonel bir platformdur. Amac\u0131m\u0131z; insanlar\u0131n hayat yolculu\u011funda merak ettikleri konulara \u0131\u015f\u0131k tutmak, duygusal s\u00fcre\u00e7lerinde y\u00f6n g\u00f6stermek ve enerjilerini berrakla\u015ft\u0131rmalar\u0131na yard\u0131mc\u0131 olmakt\u0131r.<\/p>\n\n\n\n<p>Her yorum birebir, \u00f6zel ve g\u00fcvenli \u015fekilde yap\u0131l\u0131r. Hi\u00e7bir bilgi \u00fc\u00e7\u00fcnc\u00fc ki\u015filerle payla\u015f\u0131lmaz.<br>Fal yorumlar\u0131m\u0131z tamamen sezgisel analiz, enerji okuma ve kadim fal tekniklerine dayal\u0131d\u0131r.<br>Falcidila olarak sizlere hem g\u00fcvenilir hem de derinlikli bir dan\u0131\u015fmanl\u0131k deneyimi sunuyoruz.<\/p>\n\n\n\n<hr class=\"wp-block-separator has-alpha-channel-opacity\"\/>\n\n\n\n<h1 class=\"wp-block-heading\"><strong>\ud83d\udccc Misyonumuz<\/strong><\/h1>\n\n\n\n<p>Misyonumuz, dan\u0131\u015fanlar\u0131m\u0131z\u0131n a\u015fk, ili\u015fki, evlilik ve gelecekle ilgili sorular\u0131na a\u00e7\u0131k, net ve do\u011fru y\u00f6nlendirmeler sunmakt\u0131r.<br>Enerji uyumunu dikkate alarak; \u00e7\u00f6z\u00fcm odakl\u0131, yol g\u00f6sterici ve samimi fal yorumlar\u0131yla insanlar\u0131n hayat\u0131na rehberlik etmeyi hedefliyoruz.<\/p>\n\n\n\n<hr class=\"wp-block-separator has-alpha-channel-opacity\"\/>\n\n\n\n<h1 class=\"wp-block-heading\"><strong>\ud83d\udccc Vizyonumuz<\/strong><\/h1>\n\n\n\n<p>Vizyonumuz; T\u00fcrkiye\u2019nin en g\u00fcvenilir online fal ve spirit\u00fcel dan\u0131\u015fmanl\u0131k platformlar\u0131ndan biri olmak, fal k\u00fclt\u00fcr\u00fcn\u00fc modern yorumlama teknikleriyle birle\u015ftirerek kaliteli ve profesyonel bir hizmet sunmakt\u0131r.<\/p>\n\n\n\n<p>Ayr\u0131ca dan\u0131\u015fan memnuniyetini her zaman \u00f6n planda tutarak, alan\u0131nda uzman falc\u0131larla b\u00fcy\u00fcyen bir marka haline gelmeyi ama\u00e7l\u0131yoruz.<\/p>\n","protected":false},"excerpt":{"rendered":"<p>\ud83d\udccc Hakk\u0131m\u0131zda Falcidila, a\u015fk, evlilik ve ruhsal dan\u0131\u015fmanl\u0131k alan\u0131nda uzman falc\u0131lar\u0131n bir araya geldi\u011fi profesyonel bir platformdur. Amac\u0131m\u0131z; insanlar\u0131n hayat yolculu\u011funda merak ettikleri konulara \u0131\u015f\u0131k tutmak, duygusal s\u00fcre\u00e7lerinde y\u00f6n g\u00f6stermek ve enerjilerini berrakla\u015ft\u0131rmalar\u0131na yard\u0131mc\u0131 olmakt\u0131r. Her yorum birebir, \u00f6zel ve g\u00fcvenli \u015fekilde yap\u0131l\u0131r. Hi\u00e7bir bilgi \u00fc\u00e7\u00fcnc\u00fc ki\u015filerle payla\u015f\u0131lmaz.Fal yorumlar\u0131m\u0131z tamamen sezgisel analiz, enerji okuma ve [&hellip;]<\/p>\n","protected":false},"author":1,"featured_media":0,"parent":0,"menu_order":0,"comment_status":"closed","ping_status":"closed","template":"","meta":{"footnotes":""},"class_list":["post-6","page","type-page","status-publish","hentry"],"_links":{"self":[{"href":"https:\/\/hollandaevlilikfali.com.tr\/index.php?rest_route=\/wp\/v2\/pages\/6","targetHints":{"allow":["GET"]}}],"collection":[{"href":"https:\/\/hollandaevlilikfali.com.tr\/index.php?rest_route=\/wp\/v2\/pages"}],"about":[{"href":"https:\/\/hollandaevlilikfali.com.tr\/index.php?rest_route=\/wp\/v2\/types\/page"}],"author":[{"embeddable":true,"href":"https:\/\/hollandaevlilikfali.com.tr\/index.php?rest_route=\/wp\/v2\/users\/1"}],"replies":[{"embeddable":true,"href":"https:\/\/hollandaevlilikfali.com.tr\/index.php?rest_route=%2Fwp%2Fv2%2Fcomments&post=6"}],"version-history":[{"count":2,"href":"https:\/\/hollandaevlilikfali.com.tr\/index.php?rest_route=\/wp\/v2\/pages\/6\/revisions"}],"predecessor-version":[{"id":33,"href":"https:\/\/hollandaevlilikfali.com.tr\/index.php?rest_route=\/wp\/v2\/pages\/6\/revisions\/33"}],"wp:attachment":[{"href":"https:\/\/hollandaevlilikfali.com.tr\/index.php?rest_route=%2Fwp%2Fv2%2Fmedia&parent=6"}],"curies":[{"name":"wp","href":"https:\/\/api.w.org\/{rel}","templated":true}]}}